{"id":9,"date":"2026-01-23T15:30:52","date_gmt":"2026-01-23T15:30:52","guid":{"rendered":"https:\/\/neo.mubo-app.com\/?page_id=9"},"modified":"2026-03-06T14:03:53","modified_gmt":"2026-03-06T14:03:53","slug":"about-us","status":"publish","type":"page","link":"https:\/\/www.mubo-app.com\/de\/about-us\/","title":{"rendered":"\u00dcber uns"},"content":{"rendered":"<div class=\"wp-block-group alignfull is-style-default has-global-padding is-layout-constrained wp-container-core-group-is-layout-8b7c1e29 wp-block-group-is-layout-constrained\" style=\"min-height:0vh;margin-top:0;margin-bottom:0;padding-top:var(--wp--preset--spacing--70);padding-right:var(--wp--preset--spacing--40);padding-bottom:var(--wp--preset--spacing--80);padding-left:var(--wp--preset--spacing--40)\">\n<div class=\"wp-block-group has-global-padding is-layout-constrained wp-container-core-group-is-layout-346627ba wp-block-group-is-layout-constrained\">\n<h2 class=\"wp-block-heading has-text-align-center\" style=\"margin-right:0;margin-left:0;padding-top:0;padding-right:0;padding-bottom:0;padding-left:0;font-size:clamp(2.111rem, 2.111rem + ((1vw - 0.2rem) * 2.649), 3.8rem);\">\u00dcber uns<\/h2>\n\n\n\n<p class=\"has-text-align-center\">mubo begann mit einer einfachen Idee: Was w\u00e4re, wenn jeder auf einer Party die Musik mitgestalten k\u00f6nnte? Seit 2011 entwickeln wir diese Idee zu einem reibungslosen, einfach zu bedienenden System weiter, dem Gastgeber auf der ganzen Welt vertrauen.<\/p>\n\n\n\n<p class=\"has-text-align-center\">Unsere Mission ist einfach: <br>Gemeinsame Musik m\u00fchelos machen \u2014 und unvergesslich.<\/p>\n<\/div>\n<\/div>\n\n\n\n<div class=\"wp-block-group alignfull is-style-default has-global-padding is-layout-constrained wp-container-core-group-is-layout-dc088173 wp-block-group-is-layout-constrained\" style=\"margin-top:0;margin-bottom:0;padding-top:0;padding-bottom:var(--wp--preset--spacing--80)\">\n<h2 class=\"wp-block-heading alignwide has-text-align-center has-xx-large-font-size\">Unser Team<\/h2>\n\n\n\n<div class=\"wp-block-columns alignwide is-style-default is-layout-flex wp-container-core-columns-is-layout-28f84493 wp-block-columns-is-layout-flex\">\n<div class=\"wp-block-column is-layout-flow wp-block-column-is-layout-flow\">\n<figure class=\"wp-block-image aligncenter size-full is-resized is-style-rounded\" style=\"margin-bottom:24px\"><img loading=\"lazy\" decoding=\"async\" width=\"1279\" height=\"1279\" src=\"https:\/\/neo.mubo-app.com\/wp-content\/uploads\/2026\/01\/456620790_8855032401179553_5250340757517671417_n.jpg\" alt=\"\" class=\"wp-image-27\" style=\"aspect-ratio:1;object-fit:cover;width:150px\" srcset=\"https:\/\/www.mubo-app.com\/wp-content\/uploads\/2026\/01\/456620790_8855032401179553_5250340757517671417_n.jpg 1279w, https:\/\/www.mubo-app.com\/wp-content\/uploads\/2026\/01\/456620790_8855032401179553_5250340757517671417_n-300x300.jpg 300w, https:\/\/www.mubo-app.com\/wp-content\/uploads\/2026\/01\/456620790_8855032401179553_5250340757517671417_n-1024x1024.jpg 1024w, https:\/\/www.mubo-app.com\/wp-content\/uploads\/2026\/01\/456620790_8855032401179553_5250340757517671417_n-150x150.jpg 150w, https:\/\/www.mubo-app.com\/wp-content\/uploads\/2026\/01\/456620790_8855032401179553_5250340757517671417_n-768x768.jpg 768w\" sizes=\"auto, (max-width: 1279px) 100vw, 1279px\" \/><\/figure>\n\n\n\n<h3 class=\"wp-block-heading has-text-align-center\">Marcel Dittmann<\/h3>\n\n\n\n<p class=\"has-text-align-center has-medium-font-size\">Marcel Dittmann entwickelte die Idee f\u00fcr mubo w\u00e4hrend seines Studiums und pr\u00e4gt das Produkt seitdem ma\u00dfgeblich. Er verantwortet die Produktvision, das Interface-Design und die iOS-Entwicklung.<\/p>\n<\/div>\n\n\n\n<div class=\"wp-block-column is-layout-flow wp-block-column-is-layout-flow\">\n<figure class=\"wp-block-image aligncenter size-full is-resized is-style-rounded\" style=\"margin-bottom:24px\"><img loading=\"lazy\" decoding=\"async\" width=\"400\" height=\"400\" src=\"https:\/\/neo.mubo-app.com\/wp-content\/uploads\/2026\/01\/JeromeAvatar.png\" alt=\"\" class=\"wp-image-24\" style=\"aspect-ratio:1;object-fit:cover;width:150px\" srcset=\"https:\/\/www.mubo-app.com\/wp-content\/uploads\/2026\/01\/JeromeAvatar.png 400w, https:\/\/www.mubo-app.com\/wp-content\/uploads\/2026\/01\/JeromeAvatar-300x300.png 300w, https:\/\/www.mubo-app.com\/wp-content\/uploads\/2026\/01\/JeromeAvatar-150x150.png 150w\" sizes=\"auto, (max-width: 400px) 100vw, 400px\" \/><\/figure>\n\n\n\n<h3 class=\"wp-block-heading has-text-align-center\">Jerome Schmitz<\/h3>\n\n\n\n<p class=\"has-text-align-center has-medium-font-size\">Jerome glaubte von Anfang an an die Idee hinter mubo und entwickelte den ersten Prototyp des Systems mit. Er konzentriert sich auf die Android-Entwicklung und verbessert kontinuierlich das App-Erlebnis.<\/p>\n<\/div>\n<\/div>\n<\/div>\n\n\n\n<div class=\"wp-block-group alignfull is-style-default has-global-padding is-layout-constrained wp-container-core-group-is-layout-25284461 wp-block-group-is-layout-constrained\" style=\"min-height:0vh;margin-top:0;margin-bottom:0;padding-top:0;padding-right:var(--wp--preset--spacing--40);padding-bottom:var(--wp--preset--spacing--80);padding-left:var(--wp--preset--spacing--40)\">\n<div class=\"wp-block-group has-global-padding is-layout-constrained wp-container-core-group-is-layout-346627ba wp-block-group-is-layout-constrained\">\n<figure class=\"wp-block-image aligncenter size-full is-resized is-style-rounded\" style=\"margin-bottom:24px\"><img loading=\"lazy\" decoding=\"async\" width=\"120\" height=\"136\" src=\"https:\/\/neo.mubo-app.com\/wp-content\/uploads\/2026\/01\/PatronBadge120x136.png\" alt=\"\" class=\"wp-image-25\" style=\"width:120px\"\/><\/figure>\n\n\n\n<h2 class=\"wp-block-heading has-text-align-center has-xx-large-font-size\" style=\"margin-right:0;margin-left:0;padding-right:0;padding-left:0\">Unterst\u00fctzung<\/h2>\n\n\n\n<p class=\"has-text-align-center\">mubo w\u00e4chst durch die Menschen, die es nutzen.<\/p>\n\n\n\n<p class=\"has-text-align-center translation-block\">Ob du es teilst, Feedback gibst oder auf Pro upgradest,<br>hilfst du uns dabei, etwas Bedeutungsvolles weiter aufzubauen.<\/p>\n\n\n\n<p class=\"has-text-align-center\">Wir wissen das wirklich sehr zu sch\u00e4tzen.<\/p>\n<\/div>\n<\/div>\n\n\n\n<div class=\"wp-block-group alignfull is-style-default has-global-padding is-layout-constrained wp-container-core-group-is-layout-25284461 wp-block-group-is-layout-constrained\" style=\"min-height:0vh;margin-top:0;margin-bottom:0;padding-top:0;padding-right:var(--wp--preset--spacing--40);padding-bottom:var(--wp--preset--spacing--80);padding-left:var(--wp--preset--spacing--40)\">\n<div class=\"wp-block-group has-global-padding is-layout-constrained wp-container-core-group-is-layout-346627ba wp-block-group-is-layout-constrained\">\n<h2 class=\"wp-block-heading has-text-align-center has-xx-large-font-size\" style=\"margin-right:0;margin-left:0;padding-right:0;padding-left:0\">Bleib verbunden<\/h2>\n\n\n\n<p class=\"has-text-align-center\">Verfolge unsere Reise und sieh, wie mubo auf der ganzen Welt genutzt wird.<\/p>\n\n\n\n<ul class=\"wp-block-social-links aligncenter has-large-icon-size has-icon-color is-style-logos-only is-horizontal is-layout-flex wp-block-social-links-is-layout-flex\"><li style=\"color:#FFFFFF;\" class=\"wp-social-link wp-social-link-instagram has-base-color wp-block-social-link\"><a href=\"https:\/\/www.instagram.com\/muboapp\" class=\"wp-block-social-link-anchor\" target=\"_blank\" rel=\"noopener\"><svg width=\"24\" height=\"24\" viewbox=\"0 0 24 24\" version=\"1.1\" xmlns=\"http:\/\/www.w3.org\/2000\/svg\" aria-hidden=\"true\" focusable=\"false\"><path d=\"M12,4.622c2.403,0,2.688,0.009,3.637,0.052c0.877,0.04,1.354,0.187,1.671,0.31c0.42,0.163,0.72,0.358,1.035,0.673 c0.315,0.315,0.51,0.615,0.673,1.035c0.123,0.317,0.27,0.794,0.31,1.671c0.043,0.949,0.052,1.234,0.052,3.637 s-0.009,2.688-0.052,3.637c-0.04,0.877-0.187,1.354-0.31,1.671c-0.163,0.42-0.358,0.72-0.673,1.035 c-0.315,0.315-0.615,0.51-1.035,0.673c-0.317,0.123-0.794,0.27-1.671,0.31c-0.949,0.043-1.233,0.052-3.637,0.052 s-2.688-0.009-3.637-0.052c-0.877-0.04-1.354-0.187-1.671-0.31c-0.42-0.163-0.72-0.358-1.035-0.673 c-0.315-0.315-0.51-0.615-0.673-1.035c-0.123-0.317-0.27-0.794-0.31-1.671C4.631,14.688,4.622,14.403,4.622,12 s0.009-2.688,0.052-3.637c0.04-0.877,0.187-1.354,0.31-1.671c0.163-0.42,0.358-0.72,0.673-1.035 c0.315-0.315,0.615-0.51,1.035-0.673c0.317-0.123,0.794-0.27,1.671-0.31C9.312,4.631,9.597,4.622,12,4.622 M12,3 C9.556,3,9.249,3.01,8.289,3.054C7.331,3.098,6.677,3.25,6.105,3.472C5.513,3.702,5.011,4.01,4.511,4.511 c-0.5,0.5-0.808,1.002-1.038,1.594C3.25,6.677,3.098,7.331,3.054,8.289C3.01,9.249,3,9.556,3,12c0,2.444,0.01,2.751,0.054,3.711 c0.044,0.958,0.196,1.612,0.418,2.185c0.23,0.592,0.538,1.094,1.038,1.594c0.5,0.5,1.002,0.808,1.594,1.038 c0.572,0.222,1.227,0.375,2.185,0.418C9.249,20.99,9.556,21,12,21s2.751-0.01,3.711-0.054c0.958-0.044,1.612-0.196,2.185-0.418 c0.592-0.23,1.094-0.538,1.594-1.038c0.5-0.5,0.808-1.002,1.038-1.594c0.222-0.572,0.375-1.227,0.418-2.185 C20.99,14.751,21,14.444,21,12s-0.01-2.751-0.054-3.711c-0.044-0.958-0.196-1.612-0.418-2.185c-0.23-0.592-0.538-1.094-1.038-1.594 c-0.5-0.5-1.002-0.808-1.594-1.038c-0.572-0.222-1.227-0.375-2.185-0.418C14.751,3.01,14.444,3,12,3L12,3z M12,7.378 c-2.552,0-4.622,2.069-4.622,4.622S9.448,16.622,12,16.622s4.622-2.069,4.622-4.622S14.552,7.378,12,7.378z M12,15 c-1.657,0-3-1.343-3-3s1.343-3,3-3s3,1.343,3,3S13.657,15,12,15z M16.804,6.116c-0.596,0-1.08,0.484-1.08,1.08 s0.484,1.08,1.08,1.08c0.596,0,1.08-0.484,1.08-1.08S17.401,6.116,16.804,6.116z\"><\/path><\/svg><span class=\"wp-block-social-link-label screen-reader-text\">Instagram<\/span><\/a><\/li>\n\n<li style=\"color:#FFFFFF;\" class=\"wp-social-link wp-social-link-facebook has-base-color wp-block-social-link\"><a href=\"https:\/\/www.facebook.com\/muboapp\" class=\"wp-block-social-link-anchor\" target=\"_blank\" rel=\"noopener\"><svg width=\"24\" height=\"24\" viewbox=\"0 0 24 24\" version=\"1.1\" xmlns=\"http:\/\/www.w3.org\/2000\/svg\" aria-hidden=\"true\" focusable=\"false\"><path d=\"M12 2C6.5 2 2 6.5 2 12c0 5 3.7 9.1 8.4 9.9v-7H7.9V12h2.5V9.8c0-2.5 1.5-3.9 3.8-3.9 1.1 0 2.2.2 2.2.2v2.5h-1.3c-1.2 0-1.6.8-1.6 1.6V12h2.8l-.4 2.9h-2.3v7C18.3 21.1 22 17 22 12c0-5.5-4.5-10-10-10z\"><\/path><\/svg><span class=\"wp-block-social-link-label screen-reader-text\">Facebook<\/span><\/a><\/li>\n\n<li style=\"color:#FFFFFF;\" class=\"wp-social-link wp-social-link-tiktok has-base-color wp-block-social-link\"><a href=\"https:\/\/www.tiktok.com\/@muboapp\" class=\"wp-block-social-link-anchor\" target=\"_blank\" rel=\"noopener\"><svg width=\"24\" height=\"24\" viewbox=\"0 0 32 32\" version=\"1.1\" xmlns=\"http:\/\/www.w3.org\/2000\/svg\" aria-hidden=\"true\" focusable=\"false\"><path d=\"M16.708 0.027c1.745-0.027 3.48-0.011 5.213-0.027 0.105 2.041 0.839 4.12 2.333 5.563 1.491 1.479 3.6 2.156 5.652 2.385v5.369c-1.923-0.063-3.855-0.463-5.6-1.291-0.76-0.344-1.468-0.787-2.161-1.24-0.009 3.896 0.016 7.787-0.025 11.667-0.104 1.864-0.719 3.719-1.803 5.255-1.744 2.557-4.771 4.224-7.88 4.276-1.907 0.109-3.812-0.411-5.437-1.369-2.693-1.588-4.588-4.495-4.864-7.615-0.032-0.667-0.043-1.333-0.016-1.984 0.24-2.537 1.495-4.964 3.443-6.615 2.208-1.923 5.301-2.839 8.197-2.297 0.027 1.975-0.052 3.948-0.052 5.923-1.323-0.428-2.869-0.308-4.025 0.495-0.844 0.547-1.485 1.385-1.819 2.333-0.276 0.676-0.197 1.427-0.181 2.145 0.317 2.188 2.421 4.027 4.667 3.828 1.489-0.016 2.916-0.88 3.692-2.145 0.251-0.443 0.532-0.896 0.547-1.417 0.131-2.385 0.079-4.76 0.095-7.145 0.011-5.375-0.016-10.735 0.025-16.093z\" \/><\/svg><span class=\"wp-block-social-link-label screen-reader-text\">TikTok<\/span><\/a><\/li>\n\n<li style=\"color:#FFFFFF;\" class=\"wp-social-link wp-social-link-youtube has-base-color wp-block-social-link\"><a href=\"https:\/\/www.youtube.com\/channel\/UCNdnzIkcVdjnV3rwZv77sYA\" class=\"wp-block-social-link-anchor\" target=\"_blank\" rel=\"noopener\"><svg width=\"24\" height=\"24\" viewbox=\"0 0 24 24\" version=\"1.1\" xmlns=\"http:\/\/www.w3.org\/2000\/svg\" aria-hidden=\"true\" focusable=\"false\"><path d=\"M21.8,8.001c0,0-0.195-1.378-0.795-1.985c-0.76-0.797-1.613-0.801-2.004-0.847c-2.799-0.202-6.997-0.202-6.997-0.202 h-0.009c0,0-4.198,0-6.997,0.202C4.608,5.216,3.756,5.22,2.995,6.016C2.395,6.623,2.2,8.001,2.2,8.001S2,9.62,2,11.238v1.517 c0,1.618,0.2,3.237,0.2,3.237s0.195,1.378,0.795,1.985c0.761,0.797,1.76,0.771,2.205,0.855c1.6,0.153,6.8,0.201,6.8,0.201 s4.203-0.006,7.001-0.209c0.391-0.047,1.243-0.051,2.004-0.847c0.6-0.607,0.795-1.985,0.795-1.985s0.2-1.618,0.2-3.237v-1.517 C22,9.62,21.8,8.001,21.8,8.001z M9.935,14.594l-0.001-5.62l5.404,2.82L9.935,14.594z\"><\/path><\/svg><span class=\"wp-block-social-link-label screen-reader-text\">YouTube<\/span><\/a><\/li>\n\n<li style=\"color:#FFFFFF;\" class=\"wp-social-link wp-social-link-spotify has-base-color wp-block-social-link\"><a href=\"https:\/\/open.spotify.com\/user\/a936uwifj6j2ovu03h0k2kpo8?si=L3Rniqv1TSqznYXgJ8bMlw\" class=\"wp-block-social-link-anchor\" target=\"_blank\" rel=\"noopener\"><svg width=\"24\" height=\"24\" viewbox=\"0 0 24 24\" version=\"1.1\" xmlns=\"http:\/\/www.w3.org\/2000\/svg\" aria-hidden=\"true\" focusable=\"false\"><path d=\"M12,2C6.477,2,2,6.477,2,12c0,5.523,4.477,10,10,10c5.523,0,10-4.477,10-10C22,6.477,17.523,2,12,2 M16.586,16.424 c-0.18,0.295-0.563,0.387-0.857,0.207c-2.348-1.435-5.304-1.76-8.785-0.964c-0.335,0.077-0.67-0.133-0.746-0.469 c-0.077-0.335,0.132-0.67,0.469-0.746c3.809-0.871,7.077-0.496,9.713,1.115C16.673,15.746,16.766,16.13,16.586,16.424 M17.81,13.7 c-0.226,0.367-0.706,0.482-1.072,0.257c-2.687-1.652-6.785-2.131-9.965-1.166C6.36,12.917,5.925,12.684,5.8,12.273 C5.675,11.86,5.908,11.425,6.32,11.3c3.632-1.102,8.147-0.568,11.234,1.328C17.92,12.854,18.035,13.335,17.81,13.7 M17.915,10.865 c-3.223-1.914-8.54-2.09-11.618-1.156C5.804,9.859,5.281,9.58,5.131,9.086C4.982,8.591,5.26,8.069,5.755,7.919 c3.532-1.072,9.404-0.865,13.115,1.338c0.445,0.264,0.59,0.838,0.327,1.282C18.933,10.983,18.359,11.129,17.915,10.865\"><\/path><\/svg><span class=\"wp-block-social-link-label screen-reader-text\">Spotify<\/span><\/a><\/li>\n\n<li style=\"color:#FFFFFF;\" class=\"wp-social-link wp-social-link-discord has-base-color wp-block-social-link\"><a href=\"https:\/\/discord.gg\/fCDuZvTC\" class=\"wp-block-social-link-anchor\" target=\"_blank\" rel=\"noopener\"><svg width=\"24\" height=\"24\" version=\"1.1\" viewbox=\"0 0 24 24\" xmlns=\"http:\/\/www.w3.org\/2000\/svg\" aria-hidden=\"true\" focusable=\"false\"><path d=\"M20.317 4.369A19.88 19.88 0 0 0 15.894 3a14.145 14.145 0 0 0-.719 1.518 19.205 19.205 0 0 0-5.351 0A14.183 14.183 0 0 0 9.104 3 19.896 19.896 0 0 0 4.682 4.369a18.921 18.921 0 0 0-3.012 12.52 19.929 19.929 0 0 0 6.081 3.097c.487-.65.922-1.339 1.3-2.061a12.445 12.445 0 0 1-1.958-.896c.165-.12.326-.246.483-.374a12.445 12.445 0 0 0 8.946 0c.157.128.318.253.483.374-.627.371-1.281.683-1.958.896.379.722.813 1.41 1.3 2.061a19.94 19.94 0 0 0 6.081-3.097 18.921 18.921 0 0 0-3.012-12.52ZM8.12 15.233c-1.202 0-2.184-1.09-2.184-2.431 0-1.34.97-2.431 2.184-2.431 1.213 0 2.202 1.09 2.184 2.431 0 1.341-.97 2.431-2.184 2.431Zm7.757 0c-1.202 0-2.184-1.09-2.184-2.431 0-1.34.97-2.431 2.184-2.431 1.213 0 2.202 1.09 2.184 2.431 0 1.341-.97 2.431-2.184 2.431Z\"\/><\/svg><span class=\"wp-block-social-link-label screen-reader-text\">Discord<\/span><\/a><\/li><\/ul>\n<\/div>\n<\/div>","protected":false},"excerpt":{"rendered":"<p>About us mubo began with a simple idea: What if everyone at a party could shape the music? Since 2011, we\u2019ve been refining that idea into a smooth, easy-to-use system trusted by hosts around the world. Our mission is simple: Make shared music effortless \u2014 and unforgettable. Our Team Marcel Dittmann Marcel came up with [&hellip;]<\/p>\n","protected":false},"author":1,"featured_media":0,"parent":0,"menu_order":0,"comment_status":"closed","ping_status":"closed","template":"page-no-title","meta":{"footnotes":""},"class_list":["post-9","page","type-page","status-publish","hentry"],"_links":{"self":[{"href":"https:\/\/www.mubo-app.com\/de\/wp-json\/wp\/v2\/pages\/9","targetHints":{"allow":["GET"]}}],"collection":[{"href":"https:\/\/www.mubo-app.com\/de\/wp-json\/wp\/v2\/pages"}],"about":[{"href":"https:\/\/www.mubo-app.com\/de\/wp-json\/wp\/v2\/types\/page"}],"author":[{"embeddable":true,"href":"https:\/\/www.mubo-app.com\/de\/wp-json\/wp\/v2\/users\/1"}],"replies":[{"embeddable":true,"href":"https:\/\/www.mubo-app.com\/de\/wp-json\/wp\/v2\/comments?post=9"}],"version-history":[{"count":19,"href":"https:\/\/www.mubo-app.com\/de\/wp-json\/wp\/v2\/pages\/9\/revisions"}],"predecessor-version":[{"id":514,"href":"https:\/\/www.mubo-app.com\/de\/wp-json\/wp\/v2\/pages\/9\/revisions\/514"}],"wp:attachment":[{"href":"https:\/\/www.mubo-app.com\/de\/wp-json\/wp\/v2\/media?parent=9"}],"curies":[{"name":"wp","href":"https:\/\/api.w.org\/{rel}","templated":true}]}}