{"id":279,"date":"2026-01-31T14:08:35","date_gmt":"2026-01-31T14:08:35","guid":{"rendered":"https:\/\/neo.mubo-app.com\/?page_id=279"},"modified":"2026-03-27T11:35:28","modified_gmt":"2026-03-27T11:35:28","slug":"mubo-pro","status":"publish","type":"page","link":"https:\/\/www.mubo-app.com\/de\/mubo-pro\/","title":{"rendered":"mubo Pro"},"content":{"rendered":"<div class=\"wp-block-group alignfull has-global-padding is-layout-constrained wp-container-core-group-is-layout-966a1b52 wp-block-group-is-layout-constrained\" style=\"min-height:0vh;margin-top:0;margin-bottom:0;padding-top:var(--wp--preset--spacing--80);padding-right:var(--wp--preset--spacing--40);padding-bottom:var(--wp--preset--spacing--80);padding-left:var(--wp--preset--spacing--40)\">\n<div class=\"wp-block-group has-global-padding is-layout-constrained wp-container-core-group-is-layout-92b9201d wp-block-group-is-layout-constrained\">\n<figure class=\"wp-block-image aligncenter size-full is-resized\"><img loading=\"lazy\" decoding=\"async\" width=\"1001\" height=\"1437\" src=\"https:\/\/neo.mubo-app.com\/wp-content\/uploads\/2026\/01\/muboProLogo.png\" alt=\"\" class=\"wp-image-285\" style=\"width:142px\" srcset=\"https:\/\/www.mubo-app.com\/wp-content\/uploads\/2026\/01\/muboProLogo.png 1001w, https:\/\/www.mubo-app.com\/wp-content\/uploads\/2026\/01\/muboProLogo-209x300.png 209w, https:\/\/www.mubo-app.com\/wp-content\/uploads\/2026\/01\/muboProLogo-713x1024.png 713w, https:\/\/www.mubo-app.com\/wp-content\/uploads\/2026\/01\/muboProLogo-768x1103.png 768w\" sizes=\"auto, (max-width: 1001px) 100vw, 1001px\" \/><\/figure>\n\n\n\n<h1 class=\"wp-block-heading has-text-align-center is-style-text-display is-style-text-display--1\" style=\"font-size:clamp(2.111rem, 2.111rem + ((1vw - 0.2rem) * 2.649), 3.8rem);\"><strong>Bring deine Musicbox auf das n\u00e4chste Level<\/strong><\/h1>\n<\/div>\n<\/div>\n\n\n\n<div class=\"wp-block-group alignfull has-global-padding is-layout-constrained wp-block-group-is-layout-constrained\" style=\"margin-top:0;margin-bottom:0;padding-top:0;padding-bottom:var(--wp--preset--spacing--80)\">\n<div class=\"wp-block-columns alignwide is-layout-flex wp-container-core-columns-is-layout-74b2cda3 wp-block-columns-is-layout-flex\">\n<div class=\"wp-block-column is-layout-flow wp-block-column-is-layout-flow\">\n<div class=\"wp-block-group is-vertical is-content-justification-left is-layout-flex wp-container-core-group-is-layout-7ce391b6 wp-block-group-is-layout-flex\" style=\"min-height:100%\">\n<h2 class=\"wp-block-heading is-style-text-annotation has-x-small-font-size is-style-text-annotation--2\">Was ist Pro<\/h2>\n\n\n\n<blockquote class=\"wp-block-quote is-style-plain has-x-large-font-size is-layout-flow wp-container-core-quote-is-layout-5dafc681 wp-block-quote-is-layout-flow is-style-plain--3\" style=\"font-style:normal;font-weight:400\">\n<div class=\"wp-block-group has-global-padding is-content-justification-left is-layout-constrained wp-container-core-group-is-layout-085bd3d9 wp-block-group-is-layout-constrained\" style=\"margin-top:0;margin-bottom:0;padding-top:0;padding-right:0;padding-bottom:0;padding-left:0\">\n<p class=\"has-xx-large-font-size\"><strong>Mehr Songs.<\/strong><br><strong>Mehr Style.<\/strong><br><strong>Mehr Einblicke.<\/strong><\/p>\n<\/div>\n<\/blockquote>\n<\/div>\n<\/div>\n\n\n\n<div class=\"wp-block-column is-layout-flow wp-block-column-is-layout-flow\" style=\"padding-top:0;padding-right:0;padding-bottom:0;padding-left:0\">\n<figure class=\"wp-block-image size-large has-custom-border\"><img loading=\"lazy\" decoding=\"async\" width=\"1024\" height=\"683\" src=\"https:\/\/neo.mubo-app.com\/wp-content\/uploads\/2026\/03\/muboProPartyImage-1024x683.png\" alt=\"\" class=\"wp-image-743\" style=\"border-top-left-radius:16px;border-top-right-radius:16px;border-bottom-left-radius:16px;border-bottom-right-radius:16px;aspect-ratio:1;object-fit:cover\" srcset=\"https:\/\/www.mubo-app.com\/wp-content\/uploads\/2026\/03\/muboProPartyImage-1024x683.png 1024w, https:\/\/www.mubo-app.com\/wp-content\/uploads\/2026\/03\/muboProPartyImage-300x200.png 300w, https:\/\/www.mubo-app.com\/wp-content\/uploads\/2026\/03\/muboProPartyImage-768x512.png 768w, https:\/\/www.mubo-app.com\/wp-content\/uploads\/2026\/03\/muboProPartyImage-18x12.png 18w, https:\/\/www.mubo-app.com\/wp-content\/uploads\/2026\/03\/muboProPartyImage.png 1536w\" sizes=\"auto, (max-width: 1024px) 100vw, 1024px\" \/><\/figure>\n<\/div>\n<\/div>\n<\/div>\n\n\n\n<div class=\"wp-block-group alignfull is-style-default has-global-padding is-layout-constrained wp-block-group-is-layout-constrained\" style=\"margin-top:0;margin-bottom:0;padding-top:0;padding-bottom:var(--wp--preset--spacing--80)\">\n<div class=\"wp-block-columns alignwide is-layout-flex wp-container-core-columns-is-layout-66fad18a wp-block-columns-is-layout-flex\">\n<div class=\"wp-block-column is-vertically-aligned-center is-layout-flow wp-block-column-is-layout-flow\" style=\"padding-right:0;padding-left:0;flex-basis:50%\">\n<div class=\"wp-block-group is-vertical is-layout-flex wp-container-core-group-is-layout-fe9cc265 wp-block-group-is-layout-flex\">\n<h2 class=\"wp-block-heading is-style-text-annotation is-style-text-annotation--4\">Personalisiere deine Musicbox<\/h2>\n<\/div>\n\n\n\n<p class=\"is-style-text-subtitle is-style-text-subtitle--5\">Passe das Aussehen deiner Musicbox an. W\u00e4hle verschiedene UI-Themes und f\u00fcge dein eigenes Logo hinzu, um mubo an deinen Vibe anzupassen.<\/p>\n<\/div>\n\n\n\n<div class=\"wp-block-column is-vertically-aligned-center is-layout-flow wp-block-column-is-layout-flow\" style=\"padding-right:var(--wp--preset--spacing--50);flex-basis:45%\">\n<figure class=\"wp-block-image size-full\"><img loading=\"lazy\" decoding=\"async\" width=\"1000\" height=\"1031\" src=\"https:\/\/neo.mubo-app.com\/wp-content\/uploads\/2026\/03\/muboProThemesImage.png\" alt=\"\" class=\"wp-image-727\" srcset=\"https:\/\/www.mubo-app.com\/wp-content\/uploads\/2026\/03\/muboProThemesImage.png 1000w, https:\/\/www.mubo-app.com\/wp-content\/uploads\/2026\/03\/muboProThemesImage-291x300.png 291w, https:\/\/www.mubo-app.com\/wp-content\/uploads\/2026\/03\/muboProThemesImage-993x1024.png 993w, https:\/\/www.mubo-app.com\/wp-content\/uploads\/2026\/03\/muboProThemesImage-768x792.png 768w, https:\/\/www.mubo-app.com\/wp-content\/uploads\/2026\/03\/muboProThemesImage-12x12.png 12w\" sizes=\"auto, (max-width: 1000px) 100vw, 1000px\" \/><\/figure>\n<\/div>\n<\/div>\n<\/div>\n\n\n\n<div class=\"wp-block-group alignfull is-style-default has-global-padding is-layout-constrained wp-block-group-is-layout-constrained\" style=\"margin-top:0;margin-bottom:0;padding-top:0;padding-bottom:var(--wp--preset--spacing--80)\">\n<div class=\"wp-block-columns alignwide is-layout-flex wp-container-core-columns-is-layout-66fad18a wp-block-columns-is-layout-flex\">\n<div class=\"wp-block-column is-vertically-aligned-center is-layout-flow wp-block-column-is-layout-flow\" style=\"padding-right:var(--wp--preset--spacing--50);flex-basis:45%\">\n<figure class=\"wp-block-image aligncenter size-full is-resized\"><img loading=\"lazy\" decoding=\"async\" width=\"424\" height=\"260\" src=\"https:\/\/neo.mubo-app.com\/wp-content\/uploads\/2026\/03\/muboProLargerPlaylistImage.png\" alt=\"\" class=\"wp-image-734\" style=\"width:250px\" srcset=\"https:\/\/www.mubo-app.com\/wp-content\/uploads\/2026\/03\/muboProLargerPlaylistImage.png 424w, https:\/\/www.mubo-app.com\/wp-content\/uploads\/2026\/03\/muboProLargerPlaylistImage-300x184.png 300w, https:\/\/www.mubo-app.com\/wp-content\/uploads\/2026\/03\/muboProLargerPlaylistImage-18x12.png 18w\" sizes=\"auto, (max-width: 424px) 100vw, 424px\" \/><\/figure>\n<\/div>\n\n\n\n<div class=\"wp-block-column is-vertically-aligned-center is-layout-flow wp-block-column-is-layout-flow\" style=\"padding-right:0;padding-left:0;flex-basis:50%\">\n<div class=\"wp-block-group is-vertical is-layout-flex wp-container-core-group-is-layout-fe9cc265 wp-block-group-is-layout-flex\">\n<h2 class=\"wp-block-heading is-style-text-annotation is-style-text-annotation--6\">Gr\u00f6\u00dfere Playlisten<\/h2>\n<\/div>\n\n\n\n<p class=\"is-style-text-subtitle is-style-text-subtitle--7\">1500 Songs statt 300. Perfekt f\u00fcr l\u00e4ngere Partys, Events oder gemeinsame Playlists \u00fcber mehrere Tage.<\/p>\n<\/div>\n<\/div>\n<\/div>\n\n\n\n<div class=\"wp-block-group alignfull is-style-default has-global-padding is-layout-constrained wp-block-group-is-layout-constrained\" style=\"margin-top:0;margin-bottom:0;padding-top:0;padding-bottom:var(--wp--preset--spacing--80)\">\n<div class=\"wp-block-columns alignwide are-vertically-aligned-center is-layout-flex wp-container-core-columns-is-layout-66fad18a wp-block-columns-is-layout-flex\">\n<div class=\"wp-block-column is-vertically-aligned-center is-layout-flow wp-block-column-is-layout-flow\" style=\"padding-right:0;padding-left:0;flex-basis:50%\">\n<div class=\"wp-block-group is-vertical is-layout-flex wp-container-core-group-is-layout-fe9cc265 wp-block-group-is-layout-flex\">\n<h2 class=\"wp-block-heading is-style-text-annotation is-style-text-annotation--8\">Statistiken<\/h2>\n<\/div>\n\n\n\n<p class=\"is-style-text-subtitle is-style-text-subtitle--9\">Verstehe, wie deine Musicbox genutzt wird. Sieh dir Voting-Verhalten, beliebte Songs und die Aktivit\u00e4t im Zeitverlauf an.<\/p>\n<\/div>\n\n\n\n<div class=\"wp-block-column is-vertically-aligned-center is-layout-flow wp-block-column-is-layout-flow\" style=\"padding-right:var(--wp--preset--spacing--50);flex-basis:45%\">\n<figure class=\"wp-block-image aligncenter size-full is-resized\"><img loading=\"lazy\" decoding=\"async\" width=\"433\" height=\"892\" src=\"https:\/\/neo.mubo-app.com\/wp-content\/uploads\/2026\/03\/SessionStatsView.png\" alt=\"\" class=\"wp-image-729\" style=\"aspect-ratio:0.4854279628195198;object-fit:cover;width:auto;height:600px\" srcset=\"https:\/\/www.mubo-app.com\/wp-content\/uploads\/2026\/03\/SessionStatsView.png 433w, https:\/\/www.mubo-app.com\/wp-content\/uploads\/2026\/03\/SessionStatsView-146x300.png 146w, https:\/\/www.mubo-app.com\/wp-content\/uploads\/2026\/03\/SessionStatsView-6x12.png 6w\" sizes=\"auto, (max-width: 433px) 100vw, 433px\" \/><\/figure>\n<\/div>\n<\/div>\n<\/div>\n\n\n\n<div class=\"wp-block-group alignfull has-global-padding is-layout-constrained wp-block-group-is-layout-constrained\" style=\"margin-top:0;margin-bottom:0;padding-top:0;padding-bottom:var(--wp--preset--spacing--80)\">\n<h2 class=\"wp-block-heading alignwide has-text-align-center has-xx-large-font-size\">Vergleiche mubo Pro<\/h2>\n\n\n\n<div style=\"height:var(--wp--preset--spacing--40)\" aria-hidden=\"true\" class=\"wp-block-spacer\"><\/div>\n\n\n\n<div class=\"wp-block-columns alignwide is-layout-flex wp-container-core-columns-is-layout-1d9f35bd wp-block-columns-is-layout-flex\">\n<div class=\"wp-block-column has-border-color is-layout-flow wp-block-column-is-layout-flow\" style=\"border-color:var(--wp--preset--color--accent-6);border-width:1px;border-radius:10px;padding-top:var(--wp--preset--spacing--50);padding-right:var(--wp--preset--spacing--50);padding-bottom:var(--wp--preset--spacing--50);padding-left:var(--wp--preset--spacing--50)\">\n<h3 class=\"wp-block-heading\" id=\"free\">mubo<\/h3>\n\n\n\n<p class=\"has-large-font-size\">Kostenlos<\/p>\n\n\n\n<ul style=\"padding-bottom:var(--wp--preset--spacing--20);padding-left:var(--wp--preset--spacing--20)\" class=\"wp-block-list is-style-checkmark-list has-small-font-size\">\n<li>Real-time Voting<\/li>\n\n\n\n<li>Cooldown System<\/li>\n\n\n\n<li>Ghost Mode<\/li>\n\n\n\n<li>Private Mode<\/li>\n\n\n\n<li>N\u00e4he-Check<\/li>\n\n\n\n<li>Welcome Message<\/li>\n\n\n\n<li>Chat<\/li>\n\n\n\n<li>300 Songs<\/li>\n\n\n\n<li>Classic Theme<\/li>\n<\/ul>\n<\/div>\n\n\n\n<div class=\"wp-block-column has-border-color is-layout-flow wp-block-column-is-layout-flow\" style=\"border-color:var(--wp--preset--color--accent-6);border-width:1px;border-radius:10px;padding-top:var(--wp--preset--spacing--50);padding-right:var(--wp--preset--spacing--50);padding-bottom:var(--wp--preset--spacing--50);padding-left:var(--wp--preset--spacing--50)\">\n<h3 class=\"wp-block-heading\" id=\"single\">mubo Pro<\/h3>\n\n\n\n<p class=\"has-large-font-size\">Ca. 5 \u20ac \/ Monat<\/p>\n\n\n\n<div class=\"wp-block-group has-global-padding is-layout-constrained wp-container-core-group-is-layout-19e250f3 wp-block-group-is-layout-constrained\">\n<ul style=\"padding-bottom:var(--wp--preset--spacing--20);padding-left:var(--wp--preset--spacing--20)\" class=\"wp-block-list is-style-checkmark-list has-small-font-size\">\n<li>Alle Funktionen der kostenlosen Version<\/li>\n<\/ul>\n\n\n\n<p>+<\/p>\n\n\n\n<ul style=\"padding-bottom:var(--wp--preset--spacing--20);padding-left:var(--wp--preset--spacing--20)\" class=\"wp-block-list is-style-checkmark-list has-small-font-size\">\n<li>1500 Songs<\/li>\n\n\n\n<li>Themes f\u00fcr deine Musicbox<\/li>\n\n\n\n<li>Eigenes Logo f\u00fcr deine Musicbox<\/li>\n\n\n\n<li>Statistiken f\u00fcr deine Musicbox<\/li>\n<\/ul>\n<\/div>\n<\/div>\n<\/div>\n<\/div>\n\n\n\n<aside class=\"wp-block-group alignfull is-style-default has-global-padding is-layout-constrained wp-container-core-group-is-layout-945474ea wp-block-group-is-layout-constrained\" style=\"margin-top:0;margin-bottom:0;padding-top:0;padding-right:var(--wp--preset--spacing--50);padding-bottom:var(--wp--preset--spacing--80);padding-left:var(--wp--preset--spacing--50)\">\n<div class=\"wp-block-group is-vertical is-content-justification-center is-layout-flex wp-container-core-group-is-layout-8778ca4a wp-block-group-is-layout-flex\" style=\"min-height:0px;margin-top:0;margin-bottom:0\">\n<h2 class=\"wp-block-heading has-text-align-center has-xx-large-font-size\">Bereit, die Party zu starten?<\/h2>\n\n\n\n<p class=\"has-text-align-center is-style-text-subtitle is-style-text-subtitle--10\">Erstelle deine Musicbox in Minuten und lass deine G\u00e4ste mitmachen.<\/p>\n\n\n\n<div style=\"height:0px\" aria-hidden=\"true\" class=\"wp-block-spacer wp-container-content-62aae154\"><\/div>\n\n\n\n<div class=\"wp-block-group is-content-justification-center is-nowrap is-layout-flex wp-container-core-group-is-layout-23441af8 wp-block-group-is-layout-flex\">\n<figure class=\"wp-block-image size-large is-resized\"><a href=\"https:\/\/itunes.apple.com\/de\/app\/musicbox-mubo\/id1089676976?ls=1&amp;mt=8\" target=\"_blank\" rel=\"noopener\"><img loading=\"lazy\" decoding=\"async\" width=\"119\" height=\"40\" src=\"https:\/\/neo.mubo-app.com\/wp-content\/uploads\/2026\/01\/Download_on_the_App_Store_Badge_US-UK_RGB_blk_092917.svg\" alt=\"\" class=\"wp-image-89\" style=\"width:auto;height:50px\"\/><\/a><\/figure>\n\n\n\n<figure class=\"wp-block-image size-large is-resized\"><a href=\"https:\/\/play.google.com\/store\/apps\/details?id=com.mubo.musicbox\" target=\"_blank\" rel=\"noopener\"><img loading=\"lazy\" decoding=\"async\" width=\"239\" height=\"70\" src=\"https:\/\/neo.mubo-app.com\/wp-content\/uploads\/2026\/01\/GetItOnGooglePlay_Badge_Web_color_English.svg\" alt=\"\" class=\"wp-image-86\" style=\"width:auto;height:50px\"\/><\/a><\/figure>\n<\/div>\n<\/div>\n<\/aside>","protected":false},"excerpt":{"rendered":"<p>Bring your Musicbox to the next level What is Pro More songs.More style.More insight. Customize your Musicbox Customize the look of your Musicbox. Choose different UI themes and add your own Logo to adapt mubo to your vibe. Larger Playlists 1500 songs instead of 300. Perfect for longer parties, events or shared playlists over multiple [&hellip;]<\/p>\n","protected":false},"author":1,"featured_media":0,"parent":0,"menu_order":0,"comment_status":"closed","ping_status":"closed","template":"page-no-title","meta":{"footnotes":""},"class_list":["post-279","page","type-page","status-publish","hentry"],"_links":{"self":[{"href":"https:\/\/www.mubo-app.com\/de\/wp-json\/wp\/v2\/pages\/279","targetHints":{"allow":["GET"]}}],"collection":[{"href":"https:\/\/www.mubo-app.com\/de\/wp-json\/wp\/v2\/pages"}],"about":[{"href":"https:\/\/www.mubo-app.com\/de\/wp-json\/wp\/v2\/types\/page"}],"author":[{"embeddable":true,"href":"https:\/\/www.mubo-app.com\/de\/wp-json\/wp\/v2\/users\/1"}],"replies":[{"embeddable":true,"href":"https:\/\/www.mubo-app.com\/de\/wp-json\/wp\/v2\/comments?post=279"}],"version-history":[{"count":30,"href":"https:\/\/www.mubo-app.com\/de\/wp-json\/wp\/v2\/pages\/279\/revisions"}],"predecessor-version":[{"id":745,"href":"https:\/\/www.mubo-app.com\/de\/wp-json\/wp\/v2\/pages\/279\/revisions\/745"}],"wp:attachment":[{"href":"https:\/\/www.mubo-app.com\/de\/wp-json\/wp\/v2\/media?parent=279"}],"curies":[{"name":"wp","href":"https:\/\/api.w.org\/{rel}","templated":true}]}}