{"id":228,"date":"2026-01-29T16:43:43","date_gmt":"2026-01-29T16:43:43","guid":{"rendered":"https:\/\/neo.mubo-app.com\/?page_id=228"},"modified":"2026-01-31T13:34:28","modified_gmt":"2026-01-31T13:34:28","slug":"legal","status":"publish","type":"page","link":"https:\/\/www.mubo-app.com\/de\/legal\/","title":{"rendered":"Impressum"},"content":{"rendered":"<div class=\"wp-block-group has-global-padding is-layout-constrained wp-block-group-is-layout-constrained\" style=\"padding-top:0;padding-bottom:0\">\n<p class=\"has-medium-font-size\">Angaben gem\u00e4\u00df \u00a7 5 TMG<\/p>\n\n\n\n<p class=\"has-medium-font-size\">Marcel, Dittmann<br>mubo<br>Sch\u00fctzenstra\u00dfe 121<br>40723 Hilden<\/p>\n\n\n\n<h2 class=\"wp-block-heading\">Kontakt<\/h2>\n\n\n\n<p class=\"has-medium-font-size\">Telefon: 021035725346<br>E-Mail:&nbsp;<a href=\"mailto:support@mubo-app.com\">support@mubo-app.com<\/a><br>Internetadresse:&nbsp;<a href=\"http:\/\/www.mubo-app.com\/de\/\" target=\"_blank\" rel=\"noreferrer noopener\">www.mubo-app.com<\/a><\/p>\n\n\n\n<h2 class=\"wp-block-heading\">Haftungsausschluss<\/h2>\n\n\n\n<p class=\"has-medium-font-size\"><strong>Haftung f\u00fcr Inhalte<\/strong><br>Die Inhalte unserer Seiten wurden mit gr\u00f6\u00dfter Sorgfalt erstellt. F\u00fcr die Richtigkeit, Vollst\u00e4ndigkeit und Aktualit\u00e4t der Inhalte k\u00f6nnen wir jedoch keine Gew\u00e4hr \u00fcbernehmen. Nach den gesetzlichen Bestimmungen sind wir zudem f\u00fcr eigene Inhalte auf diesen Webseiten verantwortlich. In diesem Zusammenhang weisen wir darauf hin, dass wir nicht verpflichtet sind, \u00fcbermittelte oder gespeicherte fremde Informationen zu \u00fcberwachen oder nach Umst\u00e4nden zu forschen, die auf eine rechtswidrige T\u00e4tigkeit hinweisen. Verpflichtungen zur Entfernung oder Sperrung der Nutzung von Informationen nach den allgemeinen Gesetzen bleiben hiervon gem\u00e4\u00df \u00a7\u00a7 8 bis 10 TMG unber\u00fchrt.<\/p>\n\n\n\n<p class=\"has-medium-font-size\"><strong>Haftung f\u00fcr Links<\/strong><br>Die Verantwortung f\u00fcr den Inhalt externer Links (zu Webseiten Dritter) liegt ausschlie\u00dflich bei den Betreibern der verlinkten Seiten. Zum Zeitpunkt der Verlinkung waren f\u00fcr uns keine Rechtsverst\u00f6\u00dfe erkennbar. Sollten uns Rechtsverletzungen bekannt werden, werden wir derartige Links umgehend entfernen.<\/p>\n\n\n\n<p class=\"has-medium-font-size\"><strong>Urheberrecht<\/strong><br>Unsere Webseiten und deren Inhalte unterliegen dem deutschen Urheberrecht. Soweit nicht ausdr\u00fccklich gesetzlich erlaubt (\u00a7 44a ff. UrhG), bedarf jede Form der Verwertung, Vervielf\u00e4ltigung oder Bearbeitung urheberrechtlich gesch\u00fctzter Werke auf unseren Webseiten der vorherigen Zustimmung des jeweiligen Rechteinhabers. Einzelne Vervielf\u00e4ltigungen eines Werkes sind nur f\u00fcr den privaten Gebrauch gestattet und d\u00fcrfen weder unmittelbar noch mittelbar Erwerbszwecken dienen. Die unerlaubte Verwertung urheberrechtlich gesch\u00fctzter Werke ist gem\u00e4\u00df \u00a7 106 UrhG strafbar.<\/p>\n<\/div>","protected":false},"excerpt":{"rendered":"<p>Information in accordance with section 5 TMG Marcel, DittmannmuboSch\u00fctzenstra\u00dfe 12140723 Hilden Contact Telephone: 021035725346E-Mail:&nbsp;support@mubo-app.comInternetadresse:&nbsp;www.mubo-app.com Disclaimer Accountability for contentThe contents of our pages have been created with the utmost care. However, we cannot guarantee the contents\u2019 accuracy, completeness or topicality. According to statutory provisions, we are furthermore responsible for our own content on these web pages. [&hellip;]<\/p>\n","protected":false},"author":1,"featured_media":0,"parent":0,"menu_order":0,"comment_status":"closed","ping_status":"closed","template":"","meta":{"footnotes":""},"class_list":["post-228","page","type-page","status-publish","hentry"],"_links":{"self":[{"href":"https:\/\/www.mubo-app.com\/de\/wp-json\/wp\/v2\/pages\/228","targetHints":{"allow":["GET"]}}],"collection":[{"href":"https:\/\/www.mubo-app.com\/de\/wp-json\/wp\/v2\/pages"}],"about":[{"href":"https:\/\/www.mubo-app.com\/de\/wp-json\/wp\/v2\/types\/page"}],"author":[{"embeddable":true,"href":"https:\/\/www.mubo-app.com\/de\/wp-json\/wp\/v2\/users\/1"}],"replies":[{"embeddable":true,"href":"https:\/\/www.mubo-app.com\/de\/wp-json\/wp\/v2\/comments?post=228"}],"version-history":[{"count":4,"href":"https:\/\/www.mubo-app.com\/de\/wp-json\/wp\/v2\/pages\/228\/revisions"}],"predecessor-version":[{"id":278,"href":"https:\/\/www.mubo-app.com\/de\/wp-json\/wp\/v2\/pages\/228\/revisions\/278"}],"wp:attachment":[{"href":"https:\/\/www.mubo-app.com\/de\/wp-json\/wp\/v2\/media?parent=228"}],"curies":[{"name":"wp","href":"https:\/\/api.w.org\/{rel}","templated":true}]}}